{"id":654,"date":"2023-07-28T19:30:44","date_gmt":"2023-07-28T19:30:44","guid":{"rendered":"https:\/\/hausmeister-kalkar.de\/?page_id=654"},"modified":"2024-02-25T14:51:25","modified_gmt":"2024-02-25T12:51:25","slug":"garten-und-gruenflachenpfleg-2-3","status":"publish","type":"page","link":"https:\/\/hausmeister-kalkar.de\/index.php\/garten-und-gruenflachenpfleg-2-3\/","title":{"rendered":"Impressum"},"content":{"rendered":"\t\t<div data-elementor-type=\"wp-page\" data-elementor-id=\"654\" class=\"elementor elementor-654\">\n\t\t\t\t\t\t<section class=\"elementor-section elementor-top-section elementor-element elementor-element-24ae3ab elementor-section-boxed elementor-section-height-default elementor-section-height-default\" data-id=\"24ae3ab\" data-element_type=\"section\" data-e-type=\"section\" data-settings=\"{&quot;background_background&quot;:&quot;classic&quot;}\">\n\t\t\t\t\t\t\t<div class=\"elementor-background-overlay\"><\/div>\n\t\t\t\t\t\t\t<div class=\"elementor-container elementor-column-gap-default\">\n\t\t\t\t\t<div class=\"elementor-column elementor-col-100 elementor-top-column elementor-element elementor-element-ea2d849\" data-id=\"ea2d849\" data-element_type=\"column\" data-e-type=\"column\">\n\t\t\t<div class=\"elementor-widget-wrap elementor-element-populated\">\n\t\t\t\t\t\t<div class=\"elementor-element elementor-element-c990c00 elementor-widget elementor-widget-heading\" data-id=\"c990c00\" data-element_type=\"widget\" data-e-type=\"widget\" data-widget_type=\"heading.default\">\n\t\t\t\t<div class=\"elementor-widget-container\">\n\t\t\t\t\t<h2 class=\"elementor-heading-title elementor-size-default\">Impressum<\/h2>\t\t\t\t<\/div>\n\t\t\t\t<\/div>\n\t\t\t\t\t<\/div>\n\t\t<\/div>\n\t\t\t\t\t<\/div>\n\t\t<\/section>\n\t\t\t\t<section class=\"elementor-section elementor-top-section elementor-element elementor-element-93d4cda elementor-section-boxed elementor-section-height-default elementor-section-height-default\" data-id=\"93d4cda\" data-element_type=\"section\" data-e-type=\"section\">\n\t\t\t\t\t\t<div class=\"elementor-container elementor-column-gap-default\">\n\t\t\t\t\t<div class=\"elementor-column elementor-col-100 elementor-top-column elementor-element elementor-element-441924f\" data-id=\"441924f\" data-element_type=\"column\" data-e-type=\"column\">\n\t\t\t<div class=\"elementor-widget-wrap elementor-element-populated\">\n\t\t\t\t\t\t<div class=\"elementor-element elementor-element-bb319f2 elementor-widget elementor-widget-text-editor\" data-id=\"bb319f2\" data-element_type=\"widget\" data-e-type=\"widget\" data-widget_type=\"text-editor.default\">\n\t\t\t\t<div class=\"elementor-widget-container\">\n\t\t\t\t\t\t\t\t\t<h2>Moritz Franz<br><\/h2>\n\n<p><strong>Postanschrift:<\/strong><br>Gocher Stra\u00dfe 18<br>47546 Kalkar<\/p>\n<p><strong>Kontakt:<\/strong><\/p>\n<p>Telefon: 02824-133982<br>E-Mail: Moritz@Hausmeister-Kalkar.de<br><\/p><br><p><strong>Urheberrechtliche Hinweise<\/strong><\/p>\n<p><a href=\"https:\/\/pixabay.com\" target=\"_blank\" rel=\"noopener\">pixabay<\/a><\/p>\n<p>Alle bereitgestellten Bilder und Videos auf Pixabay sind gemeinfrei (Public Domain) entsprechend der Verzichtserkl\u00e4rung <a href=\"https:\/\/creativecommons.org\/publicdomain\/zero\/1.0\/deed.de\" target=\"_blank\" rel=\"noreferrer noopener\">Creative Commons CC0<\/a>. Soweit gesetzlich m\u00f6glich, wurden von den Autoren s\u00e4mtliche Urheber- und verwandten Rechte an den Inhalten abgetreten. Die Bilder und Videos unterliegen damit keinem Kopierrecht und k\u00f6nnen \u2013 ver\u00e4ndert oder unver\u00e4ndert \u2013 kostenlos f\u00fcr kommerzielle und nicht kommerzielle Anwendungen in digitaler oder gedruckter Form ohne Bildnachweis oder Quellenangabe verwendet werden.<\/p>\n<p><strong>Verbraucherinformationen:<\/strong><\/p>\n<p>Online-Streitbeilegung gem\u00e4\u00df Art. 14 Abs. 1 ODR-VO: Die Europ\u00e4ische Kommission stellt eine Plattform zur Online-Streitbeilegung (OS) bereit, die Sie hier finden: <a href=\"http:\/\/ec.europa.eu\/consumers\/odr\" target=\"_blank\" rel=\"noreferrer noopener\">ec.europa.eu\/consumers\/odr<\/a><\/p>\n<p>Wir erkl\u00e4ren uns nicht mit der Online-Streitbeilegung einverstanden. Impressum!<\/p>\n<p><em>Das Impressum wurde mit dem <a href=\"https:\/\/www.activemind.de\/datenschutz\/impressums-generator\/\" target=\"_blank\" rel=\"noopener\">Impressums-Generator der activeMind AG<\/a> erstellt.&nbsp;<\/em><\/p>\n<p>Quelle: <em><a href=\"http:\/\/www.e-recht24.de\" target=\"_blank\" rel=\"noopener\">http:\/\/www.e-recht24.de<\/a><\/em><\/p>\n<p>1<\/p>\t\t\t\t\t\t\t\t<\/div>\n\t\t\t\t<\/div>\n\t\t\t\t\t<\/div>\n\t\t<\/div>\n\t\t\t\t\t<\/div>\n\t\t<\/section>\n\t\t\t\t<\/div>\n\t\t","protected":false},"excerpt":{"rendered":"<p>Impressum Moritz Franz Postanschrift:Gocher Stra\u00dfe 1847546 Kalkar Kontakt: Telefon: 02824-133982E-Mail: Moritz@Hausmeister-Kalkar.de Urheberrechtliche Hinweise pixabay Alle bereitgestellten Bilder und Videos auf Pixabay sind gemeinfrei (Public Domain) entsprechend der Verzichtserkl\u00e4rung Creative Commons CC0. Soweit gesetzlich m\u00f6glich, wurden von den Autoren s\u00e4mtliche Urheber- und verwandten Rechte an den Inhalten abgetreten. Die Bilder und Videos unterliegen damit keinem Kopierrecht [&hellip;]<\/p>\n","protected":false},"author":4,"featured_media":0,"parent":0,"menu_order":0,"comment_status":"closed","ping_status":"closed","template":"","meta":{"site-sidebar-layout":"no-sidebar","site-content-layout":"page-builder","ast-site-content-layout":"","site-content-style":"default","site-sidebar-style":"default","ast-global-header-display":"","ast-banner-title-visibility":"","ast-main-header-display":"","ast-hfb-above-header-display":"","ast-hfb-below-header-display":"","ast-hfb-mobile-header-display":"","site-post-title":"disabled","ast-breadcrumbs-content":"","ast-featured-img":"disabled","footer-sml-layout":"","theme-transparent-header-meta":"","adv-header-id-meta":"","stick-header-meta":"","header-above-stick-meta":"","header-main-stick-meta":"","header-below-stick-meta":"","astra-migrate-meta-layouts":"default","ast-page-background-enabled":"default","ast-page-background-meta":{"desktop":{"background-color":"var(--ast-global-color-4)","background-image":"","background-repeat":"repeat","background-position":"center center","background-size":"auto","background-attachment":"scroll","background-type":"","background-media":"","overlay-type":"","overlay-color":"","overlay-gradient":""},"tablet":{"background-color":"","background-image":"","background-repeat":"repeat","background-position":"center center","background-size":"auto","background-attachment":"scroll","background-type":"","background-media":"","overlay-type":"","overlay-color":"","overlay-gradient":""},"mobile":{"background-color":"","background-image":"","background-repeat":"repeat","background-position":"center center","background-size":"auto","background-attachment":"scroll","background-type":"","background-media":"","overlay-type":"","overlay-color":"","overlay-gradient":""}},"ast-content-background-meta":{"desktop":{"background-color":"var(--ast-global-color-5)","background-image":"","background-repeat":"repeat","background-position":"center center","background-size":"auto","background-attachment":"scroll","background-type":"","background-media":"","overlay-type":"","overlay-color":"","overlay-gradient":""},"tablet":{"background-color":"var(--ast-global-color-5)","background-image":"","background-repeat":"repeat","background-position":"center center","background-size":"auto","background-attachment":"scroll","background-type":"","background-media":"","overlay-type":"","overlay-color":"","overlay-gradient":""},"mobile":{"background-color":"var(--ast-global-color-5)","background-image":"","background-repeat":"repeat","background-position":"center center","background-size":"auto","background-attachment":"scroll","background-type":"","background-media":"","overlay-type":"","overlay-color":"","overlay-gradient":""}},"footnotes":""},"class_list":["post-654","page","type-page","status-publish","hentry"],"yoast_head":"<!-- This site is optimized with the Yoast SEO plugin v27.5 - https:\/\/yoast.com\/product\/yoast-seo-wordpress\/ -->\n<title>Impressum - Hausmeisterteam Kalkar<\/title>\n<meta name=\"robots\" content=\"index, follow, max-snippet:-1, max-image-preview:large, max-video-preview:-1\" \/>\n<link rel=\"canonical\" href=\"https:\/\/hausmeister-kalkar.de\/index.php\/garten-und-gruenflachenpfleg-2-3\/\" \/>\n<meta property=\"og:locale\" content=\"de_DE\" \/>\n<meta property=\"og:type\" content=\"article\" \/>\n<meta property=\"og:title\" content=\"Impressum - Hausmeisterteam Kalkar\" \/>\n<meta property=\"og:description\" content=\"Impressum Moritz Franz Postanschrift:Gocher Stra\u00dfe 1847546 Kalkar Kontakt: Telefon: 02824-133982E-Mail: Moritz@Hausmeister-Kalkar.de Urheberrechtliche Hinweise pixabay Alle bereitgestellten Bilder und Videos auf Pixabay sind gemeinfrei (Public Domain) entsprechend der Verzichtserkl\u00e4rung Creative Commons CC0. Soweit gesetzlich m\u00f6glich, wurden von den Autoren s\u00e4mtliche Urheber- und verwandten Rechte an den Inhalten abgetreten. Die Bilder und Videos unterliegen damit keinem Kopierrecht [&hellip;]\" \/>\n<meta property=\"og:url\" content=\"https:\/\/hausmeister-kalkar.de\/index.php\/garten-und-gruenflachenpfleg-2-3\/\" \/>\n<meta property=\"og:site_name\" content=\"Hausmeisterteam Kalkar\" \/>\n<meta property=\"article:modified_time\" content=\"2024-02-25T12:51:25+00:00\" \/>\n<meta name=\"twitter:card\" content=\"summary_large_image\" \/>\n<meta name=\"twitter:label1\" content=\"Gesch\u00e4tzte Lesezeit\" \/>\n\t<meta name=\"twitter:data1\" content=\"1\u00a0Minute\" \/>\n<script type=\"application\/ld+json\" class=\"yoast-schema-graph\">{\"@context\":\"https:\\\/\\\/schema.org\",\"@graph\":[{\"@type\":\"WebPage\",\"@id\":\"https:\\\/\\\/hausmeister-kalkar.de\\\/index.php\\\/garten-und-gruenflachenpfleg-2-3\\\/\",\"url\":\"https:\\\/\\\/hausmeister-kalkar.de\\\/index.php\\\/garten-und-gruenflachenpfleg-2-3\\\/\",\"name\":\"Impressum - Hausmeisterteam Kalkar\",\"isPartOf\":{\"@id\":\"https:\\\/\\\/hausmeister-kalkar.de\\\/#website\"},\"datePublished\":\"2023-07-28T19:30:44+00:00\",\"dateModified\":\"2024-02-25T12:51:25+00:00\",\"breadcrumb\":{\"@id\":\"https:\\\/\\\/hausmeister-kalkar.de\\\/index.php\\\/garten-und-gruenflachenpfleg-2-3\\\/#breadcrumb\"},\"inLanguage\":\"de\",\"potentialAction\":[{\"@type\":\"ReadAction\",\"target\":[\"https:\\\/\\\/hausmeister-kalkar.de\\\/index.php\\\/garten-und-gruenflachenpfleg-2-3\\\/\"]}]},{\"@type\":\"BreadcrumbList\",\"@id\":\"https:\\\/\\\/hausmeister-kalkar.de\\\/index.php\\\/garten-und-gruenflachenpfleg-2-3\\\/#breadcrumb\",\"itemListElement\":[{\"@type\":\"ListItem\",\"position\":1,\"name\":\"Startseite\",\"item\":\"https:\\\/\\\/hausmeister-kalkar.de\\\/\"},{\"@type\":\"ListItem\",\"position\":2,\"name\":\"Impressum\"}]},{\"@type\":\"WebSite\",\"@id\":\"https:\\\/\\\/hausmeister-kalkar.de\\\/#website\",\"url\":\"https:\\\/\\\/hausmeister-kalkar.de\\\/\",\"name\":\"Hausmeisterteam Kalkar\",\"description\":\"\",\"publisher\":{\"@id\":\"https:\\\/\\\/hausmeister-kalkar.de\\\/#organization\"},\"potentialAction\":[{\"@type\":\"SearchAction\",\"target\":{\"@type\":\"EntryPoint\",\"urlTemplate\":\"https:\\\/\\\/hausmeister-kalkar.de\\\/?s={search_term_string}\"},\"query-input\":{\"@type\":\"PropertyValueSpecification\",\"valueRequired\":true,\"valueName\":\"search_term_string\"}}],\"inLanguage\":\"de\"},{\"@type\":\"Organization\",\"@id\":\"https:\\\/\\\/hausmeister-kalkar.de\\\/#organization\",\"name\":\"Hausmeisterteam Kalkar\",\"url\":\"https:\\\/\\\/hausmeister-kalkar.de\\\/\",\"logo\":{\"@type\":\"ImageObject\",\"inLanguage\":\"de\",\"@id\":\"https:\\\/\\\/hausmeister-kalkar.de\\\/#\\\/schema\\\/logo\\\/image\\\/\",\"url\":\"https:\\\/\\\/hausmeister-kalkar.de\\\/wp-content\\\/uploads\\\/2024\\\/03\\\/cropped-IMG_20240304_215734_198.webp\",\"contentUrl\":\"https:\\\/\\\/hausmeister-kalkar.de\\\/wp-content\\\/uploads\\\/2024\\\/03\\\/cropped-IMG_20240304_215734_198.webp\",\"width\":1079,\"height\":1079,\"caption\":\"Hausmeisterteam Kalkar\"},\"image\":{\"@id\":\"https:\\\/\\\/hausmeister-kalkar.de\\\/#\\\/schema\\\/logo\\\/image\\\/\"}}]}<\/script>\n<!-- \/ Yoast SEO plugin. -->","yoast_head_json":{"title":"Impressum - Hausmeisterteam Kalkar","robots":{"index":"index","follow":"follow","max-snippet":"max-snippet:-1","max-image-preview":"max-image-preview:large","max-video-preview":"max-video-preview:-1"},"canonical":"https:\/\/hausmeister-kalkar.de\/index.php\/garten-und-gruenflachenpfleg-2-3\/","og_locale":"de_DE","og_type":"article","og_title":"Impressum - Hausmeisterteam Kalkar","og_description":"Impressum Moritz Franz Postanschrift:Gocher Stra\u00dfe 1847546 Kalkar Kontakt: Telefon: 02824-133982E-Mail: Moritz@Hausmeister-Kalkar.de Urheberrechtliche Hinweise pixabay Alle bereitgestellten Bilder und Videos auf Pixabay sind gemeinfrei (Public Domain) entsprechend der Verzichtserkl\u00e4rung Creative Commons CC0. Soweit gesetzlich m\u00f6glich, wurden von den Autoren s\u00e4mtliche Urheber- und verwandten Rechte an den Inhalten abgetreten. Die Bilder und Videos unterliegen damit keinem Kopierrecht [&hellip;]","og_url":"https:\/\/hausmeister-kalkar.de\/index.php\/garten-und-gruenflachenpfleg-2-3\/","og_site_name":"Hausmeisterteam Kalkar","article_modified_time":"2024-02-25T12:51:25+00:00","twitter_card":"summary_large_image","twitter_misc":{"Gesch\u00e4tzte Lesezeit":"1\u00a0Minute"},"schema":{"@context":"https:\/\/schema.org","@graph":[{"@type":"WebPage","@id":"https:\/\/hausmeister-kalkar.de\/index.php\/garten-und-gruenflachenpfleg-2-3\/","url":"https:\/\/hausmeister-kalkar.de\/index.php\/garten-und-gruenflachenpfleg-2-3\/","name":"Impressum - Hausmeisterteam Kalkar","isPartOf":{"@id":"https:\/\/hausmeister-kalkar.de\/#website"},"datePublished":"2023-07-28T19:30:44+00:00","dateModified":"2024-02-25T12:51:25+00:00","breadcrumb":{"@id":"https:\/\/hausmeister-kalkar.de\/index.php\/garten-und-gruenflachenpfleg-2-3\/#breadcrumb"},"inLanguage":"de","potentialAction":[{"@type":"ReadAction","target":["https:\/\/hausmeister-kalkar.de\/index.php\/garten-und-gruenflachenpfleg-2-3\/"]}]},{"@type":"BreadcrumbList","@id":"https:\/\/hausmeister-kalkar.de\/index.php\/garten-und-gruenflachenpfleg-2-3\/#breadcrumb","itemListElement":[{"@type":"ListItem","position":1,"name":"Startseite","item":"https:\/\/hausmeister-kalkar.de\/"},{"@type":"ListItem","position":2,"name":"Impressum"}]},{"@type":"WebSite","@id":"https:\/\/hausmeister-kalkar.de\/#website","url":"https:\/\/hausmeister-kalkar.de\/","name":"Hausmeisterteam Kalkar","description":"","publisher":{"@id":"https:\/\/hausmeister-kalkar.de\/#organization"},"potentialAction":[{"@type":"SearchAction","target":{"@type":"EntryPoint","urlTemplate":"https:\/\/hausmeister-kalkar.de\/?s={search_term_string}"},"query-input":{"@type":"PropertyValueSpecification","valueRequired":true,"valueName":"search_term_string"}}],"inLanguage":"de"},{"@type":"Organization","@id":"https:\/\/hausmeister-kalkar.de\/#organization","name":"Hausmeisterteam Kalkar","url":"https:\/\/hausmeister-kalkar.de\/","logo":{"@type":"ImageObject","inLanguage":"de","@id":"https:\/\/hausmeister-kalkar.de\/#\/schema\/logo\/image\/","url":"https:\/\/hausmeister-kalkar.de\/wp-content\/uploads\/2024\/03\/cropped-IMG_20240304_215734_198.webp","contentUrl":"https:\/\/hausmeister-kalkar.de\/wp-content\/uploads\/2024\/03\/cropped-IMG_20240304_215734_198.webp","width":1079,"height":1079,"caption":"Hausmeisterteam Kalkar"},"image":{"@id":"https:\/\/hausmeister-kalkar.de\/#\/schema\/logo\/image\/"}}]}},"_links":{"self":[{"href":"https:\/\/hausmeister-kalkar.de\/index.php\/wp-json\/wp\/v2\/pages\/654","targetHints":{"allow":["GET"]}}],"collection":[{"href":"https:\/\/hausmeister-kalkar.de\/index.php\/wp-json\/wp\/v2\/pages"}],"about":[{"href":"https:\/\/hausmeister-kalkar.de\/index.php\/wp-json\/wp\/v2\/types\/page"}],"author":[{"embeddable":true,"href":"https:\/\/hausmeister-kalkar.de\/index.php\/wp-json\/wp\/v2\/users\/4"}],"replies":[{"embeddable":true,"href":"https:\/\/hausmeister-kalkar.de\/index.php\/wp-json\/wp\/v2\/comments?post=654"}],"version-history":[{"count":17,"href":"https:\/\/hausmeister-kalkar.de\/index.php\/wp-json\/wp\/v2\/pages\/654\/revisions"}],"predecessor-version":[{"id":844,"href":"https:\/\/hausmeister-kalkar.de\/index.php\/wp-json\/wp\/v2\/pages\/654\/revisions\/844"}],"wp:attachment":[{"href":"https:\/\/hausmeister-kalkar.de\/index.php\/wp-json\/wp\/v2\/media?parent=654"}],"curies":[{"name":"wp","href":"https:\/\/api.w.org\/{rel}","templated":true}]}}