{"id":366,"date":"2023-07-27T05:15:30","date_gmt":"2023-07-27T05:15:30","guid":{"rendered":"https:\/\/hausmeister-kalkar.de\/?page_id=366"},"modified":"2024-03-16T01:37:06","modified_gmt":"2024-03-15T23:37:06","slug":"uber-uns","status":"publish","type":"page","link":"https:\/\/hausmeister-kalkar.de\/index.php\/uber-uns\/","title":{"rendered":"\u00dcber uns"},"content":{"rendered":"\t\t<div data-elementor-type=\"wp-page\" data-elementor-id=\"366\" class=\"elementor elementor-366\">\n\t\t\t\t\t\t<section class=\"elementor-section elementor-top-section elementor-element elementor-element-d5f48e0 elementor-section-boxed elementor-section-height-default elementor-section-height-default\" data-id=\"d5f48e0\" data-element_type=\"section\" data-e-type=\"section\" data-settings=\"{&quot;background_background&quot;:&quot;classic&quot;}\">\n\t\t\t\t\t\t\t<div class=\"elementor-background-overlay\"><\/div>\n\t\t\t\t\t\t\t<div class=\"elementor-container elementor-column-gap-default\">\n\t\t\t\t\t<div class=\"elementor-column elementor-col-100 elementor-top-column elementor-element elementor-element-3e4542f\" data-id=\"3e4542f\" data-element_type=\"column\" data-e-type=\"column\">\n\t\t\t<div class=\"elementor-widget-wrap elementor-element-populated\">\n\t\t\t\t\t\t<div class=\"elementor-element elementor-element-f6dbc23 elementor-widget elementor-widget-heading\" data-id=\"f6dbc23\" data-element_type=\"widget\" data-e-type=\"widget\" data-widget_type=\"heading.default\">\n\t\t\t\t<div class=\"elementor-widget-container\">\n\t\t\t\t\t<h2 class=\"elementor-heading-title elementor-size-default\">\u00dcBER UNS<\/h2>\t\t\t\t<\/div>\n\t\t\t\t<\/div>\n\t\t\t\t\t<\/div>\n\t\t<\/div>\n\t\t\t\t\t<\/div>\n\t\t<\/section>\n\t\t\t\t<section class=\"elementor-section elementor-top-section elementor-element elementor-element-3b10cc5 elementor-section-boxed elementor-section-height-default elementor-section-height-default\" data-id=\"3b10cc5\" data-element_type=\"section\" data-e-type=\"section\" data-settings=\"{&quot;background_background&quot;:&quot;classic&quot;}\">\n\t\t\t\t\t\t<div class=\"elementor-container elementor-column-gap-default\">\n\t\t\t\t\t<div class=\"elementor-column elementor-col-100 elementor-top-column elementor-element elementor-element-38865d4\" data-id=\"38865d4\" data-element_type=\"column\" data-e-type=\"column\">\n\t\t\t<div class=\"elementor-widget-wrap elementor-element-populated\">\n\t\t\t\t\t\t<div class=\"elementor-element elementor-element-1721c22 elementor-widget elementor-widget-heading\" data-id=\"1721c22\" data-element_type=\"widget\" data-e-type=\"widget\" data-widget_type=\"heading.default\">\n\t\t\t\t<div class=\"elementor-widget-container\">\n\t\t\t\t\t<h2 class=\"elementor-heading-title elementor-size-default\">Ihr Partner in Kalkar und am Niederrhein<\/h2>\t\t\t\t<\/div>\n\t\t\t\t<\/div>\n\t\t\t\t\t<\/div>\n\t\t<\/div>\n\t\t\t\t\t<\/div>\n\t\t<\/section>\n\t\t\t\t<section class=\"elementor-section elementor-top-section elementor-element elementor-element-f342b7a elementor-section-boxed elementor-section-height-default elementor-section-height-default\" data-id=\"f342b7a\" data-element_type=\"section\" data-e-type=\"section\">\n\t\t\t\t\t\t<div class=\"elementor-container elementor-column-gap-default\">\n\t\t\t\t\t<div class=\"elementor-column elementor-col-100 elementor-top-column elementor-element elementor-element-eb978c1\" data-id=\"eb978c1\" data-element_type=\"column\" data-e-type=\"column\">\n\t\t\t<div class=\"elementor-widget-wrap elementor-element-populated\">\n\t\t\t\t\t\t<div class=\"elementor-element elementor-element-823a8b3 elementor-align-center elementor-widget elementor-widget-button\" data-id=\"823a8b3\" data-element_type=\"widget\" data-e-type=\"widget\" data-widget_type=\"button.default\">\n\t\t\t\t<div class=\"elementor-widget-container\">\n\t\t\t\t\t\t\t\t\t<div class=\"elementor-button-wrapper\">\n\t\t\t\t\t<a class=\"elementor-button elementor-button-link elementor-size-sm\" href=\"https:\/\/hausmeister-kalkar.de\/index.php\/angebot-anfragen\/\">\n\t\t\t\t\t\t<span class=\"elementor-button-content-wrapper\">\n\t\t\t\t\t\t\t\t\t<span class=\"elementor-button-text\">KOSTENLOSES ANGEBOT ANFRAGEN<\/span>\n\t\t\t\t\t<\/span>\n\t\t\t\t\t<\/a>\n\t\t\t\t<\/div>\n\t\t\t\t\t\t\t\t<\/div>\n\t\t\t\t<\/div>\n\t\t\t\t\t<\/div>\n\t\t<\/div>\n\t\t\t\t\t<\/div>\n\t\t<\/section>\n\t\t\t\t<section class=\"elementor-section elementor-top-section elementor-element elementor-element-1adb095 elementor-section-boxed elementor-section-height-default elementor-section-height-default\" data-id=\"1adb095\" data-element_type=\"section\" data-e-type=\"section\">\n\t\t\t\t\t\t<div class=\"elementor-container elementor-column-gap-default\">\n\t\t\t\t\t<div class=\"elementor-column elementor-col-100 elementor-top-column elementor-element elementor-element-c13ec8c\" data-id=\"c13ec8c\" data-element_type=\"column\" data-e-type=\"column\">\n\t\t\t<div class=\"elementor-widget-wrap elementor-element-populated\">\n\t\t\t\t\t\t<div class=\"elementor-element elementor-element-bfdd98c elementor-widget elementor-widget-text-editor\" data-id=\"bfdd98c\" data-element_type=\"widget\" data-e-type=\"widget\" data-widget_type=\"text-editor.default\">\n\t\t\t\t<div class=\"elementor-widget-container\">\n\t\t\t\t\t\t\t\t\t<p>Unser Unternehmen ist bereits seit 2012 in Kalkar und am Niederrhein aktiv. Wir sind bem\u00fcht unser Leistungsportfolio stets zu erweitern und bilden uns daher regelm\u00e4\u00dfig f\u00fcr Sie fort. <br \/>Ihre W\u00fcnsche stehen bei uns im Vordergrund. Daher beraten wir Sie individuell vor Ort, besprechen Ihre W\u00fcnsche und erstellen anschlie\u00dfend ein ma\u00dfgeschneidertes Angebot.<\/p><p>Bei unserer Arbeit setzten wir professionelle Arbeitsger\u00e4te von namhaften Herstellern ein. Denn um eine hochqualitative Leistung erbringen zu k\u00f6nnen, ben\u00f6tigt man neben dem Fachpersonal auch gutes und professionelles Equipment.<\/p>\t\t\t\t\t\t\t\t<\/div>\n\t\t\t\t<\/div>\n\t\t\t\t\t<\/div>\n\t\t<\/div>\n\t\t\t\t\t<\/div>\n\t\t<\/section>\n\t\t\t\t<section class=\"elementor-section elementor-top-section elementor-element elementor-element-3224901 elementor-section-boxed elementor-section-height-default elementor-section-height-default\" data-id=\"3224901\" data-element_type=\"section\" data-e-type=\"section\">\n\t\t\t\t\t\t<div class=\"elementor-container elementor-column-gap-default\">\n\t\t\t\t\t<div class=\"elementor-column elementor-col-50 elementor-top-column elementor-element elementor-element-4f467fc\" data-id=\"4f467fc\" data-element_type=\"column\" data-e-type=\"column\">\n\t\t\t<div class=\"elementor-widget-wrap elementor-element-populated\">\n\t\t\t\t\t\t<div class=\"elementor-element elementor-element-aa505f2 elementor-widget elementor-widget-heading\" data-id=\"aa505f2\" data-element_type=\"widget\" data-e-type=\"widget\" data-widget_type=\"heading.default\">\n\t\t\t\t<div class=\"elementor-widget-container\">\n\t\t\t\t\t<h2 class=\"elementor-heading-title elementor-size-default\">Unsere Werte<\/h2>\t\t\t\t<\/div>\n\t\t\t\t<\/div>\n\t\t\t\t\t<\/div>\n\t\t<\/div>\n\t\t\t\t<div class=\"elementor-column elementor-col-50 elementor-top-column elementor-element elementor-element-ae68a57 elementor-hidden-mobile\" data-id=\"ae68a57\" data-element_type=\"column\" data-e-type=\"column\">\n\t\t\t<div class=\"elementor-widget-wrap elementor-element-populated\">\n\t\t\t\t\t\t<div class=\"elementor-element elementor-element-b9d9751 elementor-widget elementor-widget-heading\" data-id=\"b9d9751\" data-element_type=\"widget\" data-e-type=\"widget\" data-widget_type=\"heading.default\">\n\t\t\t\t<div class=\"elementor-widget-container\">\n\t\t\t\t\t<h2 class=\"elementor-heading-title elementor-size-default\">Ihre Vorteile<\/h2>\t\t\t\t<\/div>\n\t\t\t\t<\/div>\n\t\t\t\t\t<\/div>\n\t\t<\/div>\n\t\t\t\t\t<\/div>\n\t\t<\/section>\n\t\t\t\t<section class=\"elementor-section elementor-top-section elementor-element elementor-element-88c7745 elementor-section-boxed elementor-section-height-default elementor-section-height-default\" data-id=\"88c7745\" data-element_type=\"section\" data-e-type=\"section\">\n\t\t\t\t\t\t<div class=\"elementor-container elementor-column-gap-default\">\n\t\t\t\t\t<div class=\"elementor-column elementor-col-100 elementor-top-column elementor-element elementor-element-7ca01ac\" data-id=\"7ca01ac\" data-element_type=\"column\" data-e-type=\"column\">\n\t\t\t<div class=\"elementor-widget-wrap elementor-element-populated\">\n\t\t\t\t\t\t<section class=\"elementor-section elementor-inner-section elementor-element elementor-element-ec0c3f0 elementor-section-boxed elementor-section-height-default elementor-section-height-default\" data-id=\"ec0c3f0\" data-element_type=\"section\" data-e-type=\"section\">\n\t\t\t\t\t\t<div class=\"elementor-container elementor-column-gap-default\">\n\t\t\t\t\t<div class=\"elementor-column elementor-col-50 elementor-inner-column elementor-element elementor-element-5743824\" data-id=\"5743824\" data-element_type=\"column\" data-e-type=\"column\">\n\t\t\t<div class=\"elementor-widget-wrap elementor-element-populated\">\n\t\t\t\t\t\t<div class=\"elementor-element elementor-element-5aa1e1c elementor-align-start elementor-icon-list--layout-traditional elementor-list-item-link-full_width elementor-widget elementor-widget-icon-list\" data-id=\"5aa1e1c\" data-element_type=\"widget\" data-e-type=\"widget\" data-widget_type=\"icon-list.default\">\n\t\t\t\t<div class=\"elementor-widget-container\">\n\t\t\t\t\t\t\t<ul class=\"elementor-icon-list-items\">\n\t\t\t\t\t\t\t<li class=\"elementor-icon-list-item\">\n\t\t\t\t\t\t\t\t\t\t\t<span class=\"elementor-icon-list-icon\">\n\t\t\t\t\t\t\t<i aria-hidden=\"true\" class=\"fas fa-caret-right\"><\/i>\t\t\t\t\t\t<\/span>\n\t\t\t\t\t\t\t\t\t\t<span class=\"elementor-icon-list-text\">Hoher Qualit\u00e4tsanspruch<\/span>\n\t\t\t\t\t\t\t\t\t<\/li>\n\t\t\t\t\t\t\t\t<li class=\"elementor-icon-list-item\">\n\t\t\t\t\t\t\t\t\t\t\t<span class=\"elementor-icon-list-icon\">\n\t\t\t\t\t\t\t<i aria-hidden=\"true\" class=\"fas fa-caret-right\"><\/i>\t\t\t\t\t\t<\/span>\n\t\t\t\t\t\t\t\t\t\t<span class=\"elementor-icon-list-text\">Unternehmen mit langj\u00e4hriger Tradition<\/span>\n\t\t\t\t\t\t\t\t\t<\/li>\n\t\t\t\t\t\t\t\t<li class=\"elementor-icon-list-item\">\n\t\t\t\t\t\t\t\t\t\t\t<span class=\"elementor-icon-list-icon\">\n\t\t\t\t\t\t\t<i aria-hidden=\"true\" class=\"fas fa-caret-right\"><\/i>\t\t\t\t\t\t<\/span>\n\t\t\t\t\t\t\t\t\t\t<span class=\"elementor-icon-list-text\"> Regelm\u00e4\u00dfige Fortbildung zum Ausbau unseres Know-Hows<\/span>\n\t\t\t\t\t\t\t\t\t<\/li>\n\t\t\t\t\t\t<\/ul>\n\t\t\t\t\t\t<\/div>\n\t\t\t\t<\/div>\n\t\t\t\t\t<\/div>\n\t\t<\/div>\n\t\t\t\t<div class=\"elementor-column elementor-col-50 elementor-inner-column elementor-element elementor-element-cfb0a78\" data-id=\"cfb0a78\" data-element_type=\"column\" data-e-type=\"column\">\n\t\t\t<div class=\"elementor-widget-wrap elementor-element-populated\">\n\t\t\t\t\t\t<div class=\"elementor-element elementor-element-518d3a7 elementor-align-start elementor-icon-list--layout-traditional elementor-list-item-link-full_width elementor-widget elementor-widget-icon-list\" data-id=\"518d3a7\" data-element_type=\"widget\" data-e-type=\"widget\" data-widget_type=\"icon-list.default\">\n\t\t\t\t<div class=\"elementor-widget-container\">\n\t\t\t\t\t\t\t<ul class=\"elementor-icon-list-items\">\n\t\t\t\t\t\t\t<li class=\"elementor-icon-list-item\">\n\t\t\t\t\t\t\t\t\t\t\t<span class=\"elementor-icon-list-icon\">\n\t\t\t\t\t\t\t<i aria-hidden=\"true\" class=\"fas fa-check\"><\/i>\t\t\t\t\t\t<\/span>\n\t\t\t\t\t\t\t\t\t\t<span class=\"elementor-icon-list-text\">Kostenlose Beratung<\/span>\n\t\t\t\t\t\t\t\t\t<\/li>\n\t\t\t\t\t\t\t\t<li class=\"elementor-icon-list-item\">\n\t\t\t\t\t\t\t\t\t\t\t<span class=\"elementor-icon-list-icon\">\n\t\t\t\t\t\t\t<i aria-hidden=\"true\" class=\"fas fa-check\"><\/i>\t\t\t\t\t\t<\/span>\n\t\t\t\t\t\t\t\t\t\t<span class=\"elementor-icon-list-text\">Kostenloses Angebot<\/span>\n\t\t\t\t\t\t\t\t\t<\/li>\n\t\t\t\t\t\t<\/ul>\n\t\t\t\t\t\t<\/div>\n\t\t\t\t<\/div>\n\t\t\t\t\t<\/div>\n\t\t<\/div>\n\t\t\t\t\t<\/div>\n\t\t<\/section>\n\t\t\t\t\t<\/div>\n\t\t<\/div>\n\t\t\t\t\t<\/div>\n\t\t<\/section>\n\t\t\t\t<\/div>\n\t\t","protected":false},"excerpt":{"rendered":"<p>\u00dcBER UNS Ihr Partner in Kalkar und am Niederrhein KOSTENLOSES ANGEBOT ANFRAGEN Unser Unternehmen ist bereits seit 2012 in Kalkar und am Niederrhein aktiv. Wir sind bem\u00fcht unser Leistungsportfolio stets zu erweitern und bilden uns daher regelm\u00e4\u00dfig f\u00fcr Sie fort. Ihre W\u00fcnsche stehen bei uns im Vordergrund. Daher beraten wir Sie individuell vor Ort, besprechen [&hellip;]<\/p>\n","protected":false},"author":2,"featured_media":0,"parent":0,"menu_order":0,"comment_status":"closed","ping_status":"closed","template":"","meta":{"site-sidebar-layout":"no-sidebar","site-content-layout":"page-builder","ast-site-content-layout":"","site-content-style":"default","site-sidebar-style":"default","ast-global-header-display":"","ast-banner-title-visibility":"","ast-main-header-display":"","ast-hfb-above-header-display":"","ast-hfb-below-header-display":"","ast-hfb-mobile-header-display":"","site-post-title":"disabled","ast-breadcrumbs-content":"","ast-featured-img":"disabled","footer-sml-layout":"","theme-transparent-header-meta":"","adv-header-id-meta":"","stick-header-meta":"","header-above-stick-meta":"","header-main-stick-meta":"","header-below-stick-meta":"","astra-migrate-meta-layouts":"default","ast-page-background-enabled":"default","ast-page-background-meta":{"desktop":{"background-color":"var(--ast-global-color-4)","background-image":"","background-repeat":"repeat","background-position":"center center","background-size":"auto","background-attachment":"scroll","background-type":"","background-media":"","overlay-type":"","overlay-color":"","overlay-gradient":""},"tablet":{"background-color":"","background-image":"","background-repeat":"repeat","background-position":"center center","background-size":"auto","background-attachment":"scroll","background-type":"","background-media":"","overlay-type":"","overlay-color":"","overlay-gradient":""},"mobile":{"background-color":"","background-image":"","background-repeat":"repeat","background-position":"center center","background-size":"auto","background-attachment":"scroll","background-type":"","background-media":"","overlay-type":"","overlay-color":"","overlay-gradient":""}},"ast-content-background-meta":{"desktop":{"background-color":"var(--ast-global-color-5)","background-image":"","background-repeat":"repeat","background-position":"center center","background-size":"auto","background-attachment":"scroll","background-type":"","background-media":"","overlay-type":"","overlay-color":"","overlay-gradient":""},"tablet":{"background-color":"var(--ast-global-color-5)","background-image":"","background-repeat":"repeat","background-position":"center center","background-size":"auto","background-attachment":"scroll","background-type":"","background-media":"","overlay-type":"","overlay-color":"","overlay-gradient":""},"mobile":{"background-color":"var(--ast-global-color-5)","background-image":"","background-repeat":"repeat","background-position":"center center","background-size":"auto","background-attachment":"scroll","background-type":"","background-media":"","overlay-type":"","overlay-color":"","overlay-gradient":""}},"footnotes":""},"class_list":["post-366","page","type-page","status-publish","hentry"],"yoast_head":"<!-- This site is optimized with the Yoast SEO plugin v27.5 - https:\/\/yoast.com\/product\/yoast-seo-wordpress\/ -->\n<title>\u00dcber uns - Hausmeisterteam Kalkar<\/title>\n<meta name=\"robots\" content=\"index, follow, max-snippet:-1, max-image-preview:large, max-video-preview:-1\" \/>\n<link rel=\"canonical\" href=\"https:\/\/hausmeister-kalkar.de\/index.php\/uber-uns\/\" \/>\n<meta property=\"og:locale\" content=\"de_DE\" \/>\n<meta property=\"og:type\" content=\"article\" \/>\n<meta property=\"og:title\" content=\"\u00dcber uns - Hausmeisterteam Kalkar\" \/>\n<meta property=\"og:description\" content=\"\u00dcBER UNS Ihr Partner in Kalkar und am Niederrhein KOSTENLOSES ANGEBOT ANFRAGEN Unser Unternehmen ist bereits seit 2012 in Kalkar und am Niederrhein aktiv. Wir sind bem\u00fcht unser Leistungsportfolio stets zu erweitern und bilden uns daher regelm\u00e4\u00dfig f\u00fcr Sie fort. Ihre W\u00fcnsche stehen bei uns im Vordergrund. Daher beraten wir Sie individuell vor Ort, besprechen [&hellip;]\" \/>\n<meta property=\"og:url\" content=\"https:\/\/hausmeister-kalkar.de\/index.php\/uber-uns\/\" \/>\n<meta property=\"og:site_name\" content=\"Hausmeisterteam Kalkar\" \/>\n<meta property=\"article:modified_time\" content=\"2024-03-15T23:37:06+00:00\" \/>\n<meta name=\"twitter:card\" content=\"summary_large_image\" \/>\n<meta name=\"twitter:label1\" content=\"Gesch\u00e4tzte Lesezeit\" \/>\n\t<meta name=\"twitter:data1\" content=\"1\u00a0Minute\" \/>\n<script type=\"application\/ld+json\" class=\"yoast-schema-graph\">{\"@context\":\"https:\\\/\\\/schema.org\",\"@graph\":[{\"@type\":\"WebPage\",\"@id\":\"https:\\\/\\\/hausmeister-kalkar.de\\\/index.php\\\/uber-uns\\\/\",\"url\":\"https:\\\/\\\/hausmeister-kalkar.de\\\/index.php\\\/uber-uns\\\/\",\"name\":\"\u00dcber uns - Hausmeisterteam Kalkar\",\"isPartOf\":{\"@id\":\"https:\\\/\\\/hausmeister-kalkar.de\\\/#website\"},\"datePublished\":\"2023-07-27T05:15:30+00:00\",\"dateModified\":\"2024-03-15T23:37:06+00:00\",\"breadcrumb\":{\"@id\":\"https:\\\/\\\/hausmeister-kalkar.de\\\/index.php\\\/uber-uns\\\/#breadcrumb\"},\"inLanguage\":\"de\",\"potentialAction\":[{\"@type\":\"ReadAction\",\"target\":[\"https:\\\/\\\/hausmeister-kalkar.de\\\/index.php\\\/uber-uns\\\/\"]}]},{\"@type\":\"BreadcrumbList\",\"@id\":\"https:\\\/\\\/hausmeister-kalkar.de\\\/index.php\\\/uber-uns\\\/#breadcrumb\",\"itemListElement\":[{\"@type\":\"ListItem\",\"position\":1,\"name\":\"Startseite\",\"item\":\"https:\\\/\\\/hausmeister-kalkar.de\\\/\"},{\"@type\":\"ListItem\",\"position\":2,\"name\":\"\u00dcber uns\"}]},{\"@type\":\"WebSite\",\"@id\":\"https:\\\/\\\/hausmeister-kalkar.de\\\/#website\",\"url\":\"https:\\\/\\\/hausmeister-kalkar.de\\\/\",\"name\":\"Hausmeisterteam Kalkar\",\"description\":\"\",\"publisher\":{\"@id\":\"https:\\\/\\\/hausmeister-kalkar.de\\\/#organization\"},\"potentialAction\":[{\"@type\":\"SearchAction\",\"target\":{\"@type\":\"EntryPoint\",\"urlTemplate\":\"https:\\\/\\\/hausmeister-kalkar.de\\\/?s={search_term_string}\"},\"query-input\":{\"@type\":\"PropertyValueSpecification\",\"valueRequired\":true,\"valueName\":\"search_term_string\"}}],\"inLanguage\":\"de\"},{\"@type\":\"Organization\",\"@id\":\"https:\\\/\\\/hausmeister-kalkar.de\\\/#organization\",\"name\":\"Hausmeisterteam Kalkar\",\"url\":\"https:\\\/\\\/hausmeister-kalkar.de\\\/\",\"logo\":{\"@type\":\"ImageObject\",\"inLanguage\":\"de\",\"@id\":\"https:\\\/\\\/hausmeister-kalkar.de\\\/#\\\/schema\\\/logo\\\/image\\\/\",\"url\":\"https:\\\/\\\/hausmeister-kalkar.de\\\/wp-content\\\/uploads\\\/2024\\\/03\\\/cropped-IMG_20240304_215734_198.webp\",\"contentUrl\":\"https:\\\/\\\/hausmeister-kalkar.de\\\/wp-content\\\/uploads\\\/2024\\\/03\\\/cropped-IMG_20240304_215734_198.webp\",\"width\":1079,\"height\":1079,\"caption\":\"Hausmeisterteam Kalkar\"},\"image\":{\"@id\":\"https:\\\/\\\/hausmeister-kalkar.de\\\/#\\\/schema\\\/logo\\\/image\\\/\"}}]}<\/script>\n<!-- \/ Yoast SEO plugin. -->","yoast_head_json":{"title":"\u00dcber uns - Hausmeisterteam Kalkar","robots":{"index":"index","follow":"follow","max-snippet":"max-snippet:-1","max-image-preview":"max-image-preview:large","max-video-preview":"max-video-preview:-1"},"canonical":"https:\/\/hausmeister-kalkar.de\/index.php\/uber-uns\/","og_locale":"de_DE","og_type":"article","og_title":"\u00dcber uns - Hausmeisterteam Kalkar","og_description":"\u00dcBER UNS Ihr Partner in Kalkar und am Niederrhein KOSTENLOSES ANGEBOT ANFRAGEN Unser Unternehmen ist bereits seit 2012 in Kalkar und am Niederrhein aktiv. Wir sind bem\u00fcht unser Leistungsportfolio stets zu erweitern und bilden uns daher regelm\u00e4\u00dfig f\u00fcr Sie fort. Ihre W\u00fcnsche stehen bei uns im Vordergrund. Daher beraten wir Sie individuell vor Ort, besprechen [&hellip;]","og_url":"https:\/\/hausmeister-kalkar.de\/index.php\/uber-uns\/","og_site_name":"Hausmeisterteam Kalkar","article_modified_time":"2024-03-15T23:37:06+00:00","twitter_card":"summary_large_image","twitter_misc":{"Gesch\u00e4tzte Lesezeit":"1\u00a0Minute"},"schema":{"@context":"https:\/\/schema.org","@graph":[{"@type":"WebPage","@id":"https:\/\/hausmeister-kalkar.de\/index.php\/uber-uns\/","url":"https:\/\/hausmeister-kalkar.de\/index.php\/uber-uns\/","name":"\u00dcber uns - Hausmeisterteam Kalkar","isPartOf":{"@id":"https:\/\/hausmeister-kalkar.de\/#website"},"datePublished":"2023-07-27T05:15:30+00:00","dateModified":"2024-03-15T23:37:06+00:00","breadcrumb":{"@id":"https:\/\/hausmeister-kalkar.de\/index.php\/uber-uns\/#breadcrumb"},"inLanguage":"de","potentialAction":[{"@type":"ReadAction","target":["https:\/\/hausmeister-kalkar.de\/index.php\/uber-uns\/"]}]},{"@type":"BreadcrumbList","@id":"https:\/\/hausmeister-kalkar.de\/index.php\/uber-uns\/#breadcrumb","itemListElement":[{"@type":"ListItem","position":1,"name":"Startseite","item":"https:\/\/hausmeister-kalkar.de\/"},{"@type":"ListItem","position":2,"name":"\u00dcber uns"}]},{"@type":"WebSite","@id":"https:\/\/hausmeister-kalkar.de\/#website","url":"https:\/\/hausmeister-kalkar.de\/","name":"Hausmeisterteam Kalkar","description":"","publisher":{"@id":"https:\/\/hausmeister-kalkar.de\/#organization"},"potentialAction":[{"@type":"SearchAction","target":{"@type":"EntryPoint","urlTemplate":"https:\/\/hausmeister-kalkar.de\/?s={search_term_string}"},"query-input":{"@type":"PropertyValueSpecification","valueRequired":true,"valueName":"search_term_string"}}],"inLanguage":"de"},{"@type":"Organization","@id":"https:\/\/hausmeister-kalkar.de\/#organization","name":"Hausmeisterteam Kalkar","url":"https:\/\/hausmeister-kalkar.de\/","logo":{"@type":"ImageObject","inLanguage":"de","@id":"https:\/\/hausmeister-kalkar.de\/#\/schema\/logo\/image\/","url":"https:\/\/hausmeister-kalkar.de\/wp-content\/uploads\/2024\/03\/cropped-IMG_20240304_215734_198.webp","contentUrl":"https:\/\/hausmeister-kalkar.de\/wp-content\/uploads\/2024\/03\/cropped-IMG_20240304_215734_198.webp","width":1079,"height":1079,"caption":"Hausmeisterteam Kalkar"},"image":{"@id":"https:\/\/hausmeister-kalkar.de\/#\/schema\/logo\/image\/"}}]}},"_links":{"self":[{"href":"https:\/\/hausmeister-kalkar.de\/index.php\/wp-json\/wp\/v2\/pages\/366","targetHints":{"allow":["GET"]}}],"collection":[{"href":"https:\/\/hausmeister-kalkar.de\/index.php\/wp-json\/wp\/v2\/pages"}],"about":[{"href":"https:\/\/hausmeister-kalkar.de\/index.php\/wp-json\/wp\/v2\/types\/page"}],"author":[{"embeddable":true,"href":"https:\/\/hausmeister-kalkar.de\/index.php\/wp-json\/wp\/v2\/users\/2"}],"replies":[{"embeddable":true,"href":"https:\/\/hausmeister-kalkar.de\/index.php\/wp-json\/wp\/v2\/comments?post=366"}],"version-history":[{"count":42,"href":"https:\/\/hausmeister-kalkar.de\/index.php\/wp-json\/wp\/v2\/pages\/366\/revisions"}],"predecessor-version":[{"id":903,"href":"https:\/\/hausmeister-kalkar.de\/index.php\/wp-json\/wp\/v2\/pages\/366\/revisions\/903"}],"wp:attachment":[{"href":"https:\/\/hausmeister-kalkar.de\/index.php\/wp-json\/wp\/v2\/media?parent=366"}],"curies":[{"name":"wp","href":"https:\/\/api.w.org\/{rel}","templated":true}]}}